{"id":18,"date":"2017-07-04T15:39:34","date_gmt":"2017-07-04T13:39:34","guid":{"rendered":"http:\/\/cybertib.celeonet.fr\/rp4\/?page_id=18"},"modified":"2017-07-04T15:39:34","modified_gmt":"2017-07-04T13:39:34","slug":"contact","status":"publish","type":"page","link":"https:\/\/team-partout.fr\/rp4\/contact\/","title":{"rendered":"Contact"},"content":{"rendered":"<p>RP4 Lab is located at the HiLASE Centre.<\/p>\n<p>HiLASE is a part of the Czech Academy of Sciences and is located in Doln\u00ed B\u0159e\u017eany:<\/p>\n<p style=\"text-align: center;\">HiLASE Centre<\/p>\n<p style=\"text-align: center;\">Za Radnic\u00ed 828<\/p>\n<p style=\"text-align: center;\">252 41 Doln\u00ed B\u0159e\u017eany<\/p>\n<p style=\"text-align: center;\">Tel.: (+420) 314 007 700<\/p>\n<h2 style=\"text-align: left;\">How to visit us?<\/h2>\n<h5>METRO C + BUS 333\/331<\/h5>\n<ul>\n<li>From Metro line C, metro stop &#8220;Kacerov&#8221;, buses 333 and 331 are going to HiLASE (price: 24 CZK).<\/li>\n<li>Get off at the following bus stop: Doln\u00ed B\u0159e\u017eany, Obecn\u00ed \u00fa\u0159ad. Buses frequency is 30 min &#8211; 1h. Schedule is synchronized on Google Maps.<\/li>\n<\/ul>\n<h5>TRAM 17 + BUS 341<\/h5>\n<p>If you are lucky enough to have your stay close to the river, then we would recommend to enjoy the trip to our lab using:<\/p>\n<ul>\n<li>Tram 17 until Nadrazy Modrany<\/li>\n<li>then to catch the Bus 341 (~ 1 per hour), which goes through the nice forest.<\/li>\n<li>Get off at Doln\u00ed B\u0159e\u017eany, Obecn\u00ed \u00fa\u0159ad.<\/li>\n<\/ul>\n<h5>TAXI<\/h5>\n<ul>\n<li>\u00dcber taxis are operating between Prague and Dolni Brezany. Cost is usually from 300 CZK to 600 CZK per trip.<\/li>\n<\/ul>\n<h2>Recommendable accommodations<\/h2>\n<p>HiLASE Centre is in close to Prague city center. Hence, you may book an hotel in the center and commute (~ 1h \/ trip). Closer accommodations are listed below.<\/p>\n<h5>Short term stays<\/h5>\n<ul>\n<li><strong>2 min from HiLASE Centre<\/strong>, <strong>from 1425 CZK\/night (~43&#8217;000 CZK\/month)<\/strong><br \/>\nOlivuv Pivovar (<a href=\"https:\/\/www.olivuvpivovar.cz\/en\">https:\/\/www.olivuvpivovar.cz\/en<\/a>)<\/li>\n<li><strong>2 min from HiLASE Centre, 1540- CZK\/night (~ 46&#8217;200 CZK\/month). <\/strong><br \/>\nHotel Clara Futura (<a class=\"moz-txt-link-abbreviated\" href=\"http:\/\/www.clarafutura.cz\">www.clarafutura.cz<\/a>).<\/li>\n<li><strong>19 min from HiLASE Centre<\/strong> (by bus No. 341), <strong>1230 CZK\/night (~ 36&#8217;900 CKZ\/month).<\/strong><br \/>\nPENZION AUROOMS 4 stars, Na Drah\u00e1ch 224, Zlatn\u00edky, 252 41 (<a href=\"http:\/\/aurooms.cz\/en\/\">http:\/\/aurooms.cz\/en\/<\/a>, and bookable on Booking.com).<\/li>\n<li><strong>1h from HiLASE Centre: 1850 CZK per night \/ ~ 55&#8217;000 CZK per month.<br \/>\n<\/strong>PENZION PALOUCEK 3 stars,\u00a0 Petra Rezka 1723\/1a, Prague, 140 00.<br \/>\nWebsite: <a href=\"http:\/\/www.penzionpaloucek.cz\/en\/\">http:\/\/www.penzionpaloucek.cz\/en\/<\/a><\/li>\n<\/ul>\n<h5>Middle term stays<\/h5>\n<ul>\n<li>3<strong>0-40 min from HiLASE Centre, 20&#8217;000 &#8211; 45&#8217;000 CZK per month.<\/strong><br \/>\nFor renting during 30 days in\/close to Prague, we warmly recommend to look for Flat on <a href=\"http:\/\/www.booking.com\">www.booking.com<\/a>. First estimations from basic prices for 1 month in Prague yields ~20&#8217;000 &#8211; 40&#8217;000 CZK (~780-1500 EUR). Highly advisable places are located between V\u00fdto\u0148 and N\u00e1dra\u017e\u00ed Mod\u0159any. A must for sauna, sport, river and stressless access to the HiLASE laboratory.<\/li>\n<li><strong>1h from HiLASE Centre, 9&#8217;000-11&#8217;000 CZK per month. <\/strong><br \/>\nHOTEL MAZANKA (north-east of Prague)<br \/>\nThis hotel is providing <strong>guest service for the Academy of Sciences<\/strong>. It should be booked via the HiLASE Centre. Website: <a href=\"http:\/\/www.hotel-mazanka.cz\/ubytovani\/\">http:\/\/www.hotel-mazanka.cz\/ubytovani\/<\/a>.<br \/>\n<strong>Price for 1 month<\/strong> is ~ 9000 CZK (~350 EUR) or ~11 300 CZK (~440 EUR) in case they only have double rooms left.<br \/>\nNOTE: It must be booked in advance (5 months in advance is adequate).<\/li>\n<li><strong>1h from HiLASE Centre<br \/>\n<\/strong>HOSTEL LADVI (north-east of Prague)<br \/>\nWebsite: <a href=\"http:\/\/hostelprahaladvi.cz\/index.php?obsah=booking&amp;jazyk=en\">http:\/\/hostelprahaladvi.cz\/index.php?obsah=booking&amp;jazyk=en<\/a><\/li>\n<\/ul>\n","protected":false},"excerpt":{"rendered":"<p>RP4 Lab is located at the HiLASE Centre. HiLASE is a part of the Czech Academy of Sciences and is located in Doln\u00ed B\u0159e\u017eany: HiLASE Centre Za Radnic\u00ed 828 252 41 Doln\u00ed B\u0159e\u017eany Tel.: (+420) 314 007 700 How to visit us? METRO C + BUS 333\/331 From Metro line C, metro stop &#8220;Kacerov&#8221;, buses [&hellip;]<\/p>\n","protected":false},"author":2,"featured_media":147,"parent":0,"menu_order":0,"comment_status":"closed","ping_status":"closed","template":"","meta":{"footnotes":""},"class_list":["post-18","page","type-page","status-publish","has-post-thumbnail","hentry","post-thumb"],"_links":{"self":[{"href":"https:\/\/team-partout.fr\/rp4\/wp-json\/wp\/v2\/pages\/18","targetHints":{"allow":["GET"]}}],"collection":[{"href":"https:\/\/team-partout.fr\/rp4\/wp-json\/wp\/v2\/pages"}],"about":[{"href":"https:\/\/team-partout.fr\/rp4\/wp-json\/wp\/v2\/types\/page"}],"author":[{"embeddable":true,"href":"https:\/\/team-partout.fr\/rp4\/wp-json\/wp\/v2\/users\/2"}],"replies":[{"embeddable":true,"href":"https:\/\/team-partout.fr\/rp4\/wp-json\/wp\/v2\/comments?post=18"}],"version-history":[{"count":0,"href":"https:\/\/team-partout.fr\/rp4\/wp-json\/wp\/v2\/pages\/18\/revisions"}],"wp:featuredmedia":[{"embeddable":true,"href":"https:\/\/team-partout.fr\/rp4\/wp-json\/wp\/v2\/media\/147"}],"wp:attachment":[{"href":"https:\/\/team-partout.fr\/rp4\/wp-json\/wp\/v2\/media?parent=18"}],"curies":[{"name":"wp","href":"https:\/\/api.w.org\/{rel}","templated":true}]}}